{"id":3869,"date":"2023-11-28T14:49:04","date_gmt":"2023-11-28T13:49:04","guid":{"rendered":"http:\/\/casafaro.it\/bedingungen-und-konditionen\/"},"modified":"2026-01-25T13:15:06","modified_gmt":"2026-01-25T12:15:06","slug":"bedingungen-und-konditionen","status":"publish","type":"page","link":"https:\/\/casafaro.it\/de\/bedingungen-und-konditionen\/","title":{"rendered":"Bedingungen und Konditionen"},"content":{"rendered":"\t\t<div data-elementor-type=\"wp-page\" data-elementor-id=\"3869\" class=\"elementor elementor-3869 elementor-2711\" data-elementor-post-type=\"page\">\n\t\t\t\t<div class=\"elementor-element elementor-element-c32a509 e-flex e-con-boxed e-con e-parent\" data-id=\"c32a509\" data-element_type=\"container\" data-e-type=\"container\">\n\t\t\t\t\t<div class=\"e-con-inner\">\n\t\t\t\t<div class=\"elementor-element elementor-element-65dd6be elementor-widget elementor-widget-spacer\" data-id=\"65dd6be\" data-element_type=\"widget\" data-e-type=\"widget\" data-widget_type=\"spacer.default\">\n\t\t\t\t<div class=\"elementor-widget-container\">\n\t\t\t\t\t\t\t<div class=\"elementor-spacer\">\n\t\t\t<div class=\"elementor-spacer-inner\"><\/div>\n\t\t<\/div>\n\t\t\t\t\t\t<\/div>\n\t\t\t\t<\/div>\n\t\t\t\t\t<\/div>\n\t\t\t\t<\/div>\n\t\t<div class=\"elementor-element elementor-element-1e374df e-flex e-con-boxed e-con e-parent\" data-id=\"1e374df\" data-element_type=\"container\" data-e-type=\"container\">\n\t\t\t\t\t<div class=\"e-con-inner\">\n\t\t\t\t<div class=\"elementor-element elementor-element-e837ee6 elementor-widget elementor-widget-heading\" data-id=\"e837ee6\" data-element_type=\"widget\" data-e-type=\"widget\" data-widget_type=\"heading.default\">\n\t\t\t\t<div class=\"elementor-widget-container\">\n\t\t\t\t\t<h2 class=\"elementor-heading-title elementor-size-default\">Bedingungen und Konditionen<\/h2>\t\t\t\t<\/div>\n\t\t\t\t<\/div>\n\t\t\t\t\t<\/div>\n\t\t\t\t<\/div>\n\t\t<div class=\"elementor-element elementor-element-0d07b3d e-flex e-con-boxed e-con e-parent\" data-id=\"0d07b3d\" data-element_type=\"container\" data-e-type=\"container\">\n\t\t\t\t\t<div class=\"e-con-inner\">\n\t\t\t\t<div class=\"elementor-element elementor-element-a6e6f34 elementor-widget elementor-widget-text-editor\" data-id=\"a6e6f34\" data-element_type=\"widget\" data-e-type=\"widget\" data-widget_type=\"text-editor.default\">\n\t\t\t\t<div class=\"elementor-widget-container\">\n\t\t\t\t\t\t\t\t\t<p><strong>Buchung &amp; Best\u00e4tigung<\/strong><\/p><p>Wir best\u00e4tigen die Reservierung per E-Mail und bitten Sie, diese zu \u00fcberpr\u00fcfen. Ihre Reservierung ist best\u00e4tigt, sobald wir Ihre erste Zahlung erhalten haben. Das bedeutet, dass 50% des Mietpreises innerhalb von 2 Wochen nach der Reservierung bezahlt werden m\u00fcssen. Im Falle einer versp\u00e4teten Zahlung der Kaution k\u00f6nnen wir die Reservierung stornieren.<\/p><p>Der Restbetrag ist 8 Wochen vor Anreise f\u00e4llig. Der volle Betrag ist sofort f\u00e4llig, wenn Ihre Buchung innerhalb von 8 Wochen vor der Ankunft erfolgt.<\/p><p><strong>Stornierung<\/strong><\/p><ul><li>Vollst\u00e4ndige R\u00fcckerstattung bei Stornierung 30 Tage oder mehr vor Ihrem Aufenthalt<\/li><li>Bedauerlicherweise keine R\u00fcckerstattung bei Stornierung 29 Tage oder weniger vor Ihrem Aufenthalt<\/li><\/ul><p><strong>Einchecken und Auschecken<\/strong><\/p><ul><li>Check-in ist ab 16:00 Uhr.<\/li><li>Check-out ist vor 10:00 Uhr.<\/li><\/ul><p><strong>Im Allgemeinen<\/strong><\/p><ul><li>Der Mindestaufenthalt betr\u00e4gt drei N\u00e4chte<\/li><li>Jeder ab 18 Jahren ist willkommen<\/li><li>Keine Tiere erlaubt<\/li><li>Rauchverbot im gesamten Geb\u00e4ude<\/li><li>Reinigungskosten: E 70 pro Aufenthalt<\/li><\/ul><p><strong>Besch\u00e4digung und Diebstahl<\/strong><\/p><p>Jeder, der das Eigentum, die Ausr\u00fcstung usw. besch\u00e4digt, wird gem\u00e4\u00df den geltenden Vorschriften rechtlich zur Verantwortung gezogen. Vors\u00e4tzliche Diebst\u00e4hle und Besch\u00e4digungen werden den Beh\u00f6rden unverz\u00fcglich gemeldet.<\/p><p><strong>Haftung<\/strong><\/p><p>Wir haften nicht f\u00fcr Verlust, Diebstahl, Verletzungen oder andere Sch\u00e4den, die in unseren Unterk\u00fcnften oder auf dem Gel\u00e4nde entstehen. Der Mieter muss sich um eine angemessene Versicherung f\u00fcr die oben genannten Situationen k\u00fcmmern.<\/p><p><strong>COVID-19<\/strong><\/p><p>Wir k\u00f6nnen besondere Bedingungen f\u00fcr Sie anwenden, wenn Covid-Beschr\u00e4nkungen bestehen. Wir empfehlen Ihnen, eine ad\u00e4quate Versicherung abzuschlie\u00dfen, die etwaige Umst\u00e4nde abdeckt, welche Sie zu einer \u00c4nderung Ihrer Buchungen veranlassen k\u00f6nnten.<\/p>\t\t\t\t\t\t\t\t<\/div>\n\t\t\t\t<\/div>\n\t\t\t\t\t<\/div>\n\t\t\t\t<\/div>\n\t\t\t\t<\/div>\n\t\t","protected":false},"excerpt":{"rendered":"<p>Bedingungen und Konditionen Buchung &amp; Best\u00e4tigung Wir best\u00e4tigen die Reservierung per E-Mail und bitten Sie, diese zu \u00fcberpr\u00fcfen. Ihre Reservierung ist best\u00e4tigt, sobald wir Ihre erste Zahlung erhalten haben. Das bedeutet, dass 50% des Mietpreises innerhalb von 2 Wochen nach der Reservierung bezahlt werden m\u00fcssen. Im Falle einer versp\u00e4teten Zahlung der Kaution k\u00f6nnen wir die [&hellip;]<\/p>\n","protected":false},"author":2,"featured_media":0,"parent":0,"menu_order":0,"comment_status":"closed","ping_status":"closed","template":"","meta":{"site-sidebar-layout":"no-sidebar","site-content-layout":"page-builder","ast-site-content-layout":"default","site-content-style":"default","site-sidebar-style":"default","ast-global-header-display":"","ast-banner-title-visibility":"","ast-main-header-display":"","ast-hfb-above-header-display":"","ast-hfb-below-header-display":"","ast-hfb-mobile-header-display":"","site-post-title":"disabled","ast-breadcrumbs-content":"","ast-featured-img":"disabled","footer-sml-layout":"","ast-disable-related-posts":"","theme-transparent-header-meta":"","adv-header-id-meta":"","stick-header-meta":"","header-above-stick-meta":"","header-main-stick-meta":"","header-below-stick-meta":"","astra-migrate-meta-layouts":"default","ast-page-background-enabled":"default","ast-page-background-meta":{"desktop":{"background-color":"","background-image":"","background-repeat":"repeat","background-position":"center center","background-size":"auto","background-attachment":"scroll","background-type":"","background-media":"","overlay-type":"","overlay-color":"","overlay-opacity":"","overlay-gradient":""},"tablet":{"background-color":"","background-image":"","background-repeat":"repeat","background-position":"center center","background-size":"auto","background-attachment":"scroll","background-type":"","background-media":"","overlay-type":"","overlay-color":"","overlay-opacity":"","overlay-gradient":""},"mobile":{"background-color":"","background-image":"","background-repeat":"repeat","background-position":"center center","background-size":"auto","background-attachment":"scroll","background-type":"","background-media":"","overlay-type":"","overlay-color":"","overlay-opacity":"","overlay-gradient":""}},"ast-content-background-meta":{"desktop":{"background-color":"var(--ast-global-color-5)","background-image":"","background-repeat":"repeat","background-position":"center center","background-size":"auto","background-attachment":"scroll","background-type":"","background-media":"","overlay-type":"","overlay-color":"","overlay-opacity":"","overlay-gradient":""},"tablet":{"background-color":"var(--ast-global-color-5)","background-image":"","background-repeat":"repeat","background-position":"center center","background-size":"auto","background-attachment":"scroll","background-type":"","background-media":"","overlay-type":"","overlay-color":"","overlay-opacity":"","overlay-gradient":""},"mobile":{"background-color":"var(--ast-global-color-5)","background-image":"","background-repeat":"repeat","background-position":"center center","background-size":"auto","background-attachment":"scroll","background-type":"","background-media":"","overlay-type":"","overlay-color":"","overlay-opacity":"","overlay-gradient":""}},"footnotes":""},"class_list":["post-3869","page","type-page","status-publish","hentry"],"_links":{"self":[{"href":"https:\/\/casafaro.it\/de\/wp-json\/wp\/v2\/pages\/3869","targetHints":{"allow":["GET"]}}],"collection":[{"href":"https:\/\/casafaro.it\/de\/wp-json\/wp\/v2\/pages"}],"about":[{"href":"https:\/\/casafaro.it\/de\/wp-json\/wp\/v2\/types\/page"}],"author":[{"embeddable":true,"href":"https:\/\/casafaro.it\/de\/wp-json\/wp\/v2\/users\/2"}],"replies":[{"embeddable":true,"href":"https:\/\/casafaro.it\/de\/wp-json\/wp\/v2\/comments?post=3869"}],"version-history":[{"count":4,"href":"https:\/\/casafaro.it\/de\/wp-json\/wp\/v2\/pages\/3869\/revisions"}],"predecessor-version":[{"id":4913,"href":"https:\/\/casafaro.it\/de\/wp-json\/wp\/v2\/pages\/3869\/revisions\/4913"}],"wp:attachment":[{"href":"https:\/\/casafaro.it\/de\/wp-json\/wp\/v2\/media?parent=3869"}],"curies":[{"name":"wp","href":"https:\/\/api.w.org\/{rel}","templated":true}]}}