{"id":2703,"date":"2023-03-19T13:56:30","date_gmt":"2023-03-19T12:56:30","guid":{"rendered":"http:\/\/casafaro.it\/dichiarazione-sulla-privacy\/"},"modified":"2026-01-25T13:20:11","modified_gmt":"2026-01-25T12:20:11","slug":"dichiarazione-sulla-privacy","status":"publish","type":"page","link":"https:\/\/casafaro.it\/it\/dichiarazione-sulla-privacy\/","title":{"rendered":"dichiarazione sulla privacy"},"content":{"rendered":"\t\t<div data-elementor-type=\"wp-page\" data-elementor-id=\"2703\" class=\"elementor elementor-2703 elementor-2689\" data-elementor-post-type=\"page\">\n\t\t\t\t<div class=\"elementor-element elementor-element-b61e592 e-flex e-con-boxed e-con e-parent\" data-id=\"b61e592\" data-element_type=\"container\" data-e-type=\"container\">\n\t\t\t\t\t<div class=\"e-con-inner\">\n\t\t\t\t<div class=\"elementor-element elementor-element-fdf3b9c elementor-widget elementor-widget-spacer\" data-id=\"fdf3b9c\" data-element_type=\"widget\" data-e-type=\"widget\" data-widget_type=\"spacer.default\">\n\t\t\t\t<div class=\"elementor-widget-container\">\n\t\t\t\t\t\t\t<div class=\"elementor-spacer\">\n\t\t\t<div class=\"elementor-spacer-inner\"><\/div>\n\t\t<\/div>\n\t\t\t\t\t\t<\/div>\n\t\t\t\t<\/div>\n\t\t\t\t\t<\/div>\n\t\t\t\t<\/div>\n\t\t<div class=\"elementor-element elementor-element-1b1cbbb e-flex e-con-boxed e-con e-parent\" data-id=\"1b1cbbb\" data-element_type=\"container\" data-e-type=\"container\">\n\t\t\t\t\t<div class=\"e-con-inner\">\n\t\t\t\t<div class=\"elementor-element elementor-element-740e4d7 elementor-widget elementor-widget-heading\" data-id=\"740e4d7\" data-element_type=\"widget\" data-e-type=\"widget\" data-widget_type=\"heading.default\">\n\t\t\t\t<div class=\"elementor-widget-container\">\n\t\t\t\t\t<h2 class=\"elementor-heading-title elementor-size-default\">Verifica della privacy<\/h2>\t\t\t\t<\/div>\n\t\t\t\t<\/div>\n\t\t\t\t<div class=\"elementor-element elementor-element-0b341b7 elementor-widget elementor-widget-text-editor\" data-id=\"0b341b7\" data-element_type=\"widget\" data-e-type=\"widget\" data-widget_type=\"text-editor.default\">\n\t\t\t\t<div class=\"elementor-widget-container\">\n\t\t\t\t\t\t\t\t\t<p>I dati personali sono trattati attraverso il nostro sito web. Consideriamo di grande importanza un&#8217;attenta gestione dei dati personali. I dati personali vengono pertanto trattati con cura e protetti da noi.<\/p>\n<p>Casafaro rispetta le disposizioni del GDPR (General Data Protection Regulation), il che significa, tra l&#8217;altro, che:<\/p>\n<ul>\n<li>Indichiamo chiaramente le finalit\u00e0 per cui trattiamo i dati personali. Lo facciamo attraverso questa dichiarazione sulla privacy;<\/li>\n<li>Limitiamo la raccolta dei dati personali ai soli dati personali necessari per scopi legittimi;<\/li>\n<li>Nei casi in cui \u00e8 necessario il vostro consenso, vi chiediamo innanzitutto un&#8217;autorizzazione esplicita al trattamento dei vostri dati personali;<\/li>\n<li>Adottiamo misure di sicurezza adeguate per proteggere i vostri dati personali e lo richiediamo anche alle parti che trattano i dati personali per nostro conto;<\/li>\n<li>Rispettiamo il vostro diritto di fornire, correggere o cancellare i vostri dati personali su vostra richiesta.<\/li>\n<li>In questa informativa sulla privacy spieghiamo come trattiamo i dati personali che otteniamo nei nostri contatti con voi.<\/li>\n<\/ul>\n<p><strong>I vostri dati personali<\/strong><\/p>\n<p>Facciamo del nostro meglio per proteggere i vostri dati. I dati personali ci servono per garantirvi i nostri servizi. Casafaro tratta questi dati personali perch\u00e9 voi utilizzate i nostri servizi e\/o perch\u00e9 ce li avete forniti voi stessi.<\/p>\n<p>Utilizziamo questi dati per i seguenti scopi:<\/p>\n<ul>\n<li>Fornire e fatturare i nostri servizi;<\/li>\n<li>Invio di newsletter;<\/li>\n<li>Gestione e\/o trasmissione dei dati necessari per mettervi in contatto con inquilini, proprietari, acquirenti e venditori e viceversa. ;<\/li>\n<li>Adottare misure per migliorare il servizio e fornire informazioni.<\/li>\n<\/ul>\n<p><strong>Sito web sicuro<\/strong><\/p>\n<p>Nelle pagine in cui si inseriscono dati sul nostro sito web, utilizziamo una connessione SSL (Secure Sockets Layer) con crittografia. Tutti i metodi di pagamento da noi offerti sono protetti allo stesso modo. Il simbolo di un lucchetto o di una chiave chiusa nella barra di stato del browser indica che i dati vengono inviati in modo criptato.<\/p>\n<p>Tutto il nostro sito web si basa su una connessione sicura SSL.<\/p>\n<p><strong>Periodo di conservazione<\/strong><\/p>\n<p>Non conserviamo i dati di terzi, come nomi e indirizzi e-mail, pi\u00f9 a lungo dello stretto necessario. Ci\u00f2 significa che tutti i dati dei nostri clienti e degli abbonati alle nostre newsletter vengono immediatamente cancellati su richiesta della persona o dell&#8217;organizzazione interessata.<\/p>\n<p><strong>Adeguamento dei dati<\/strong><\/p>\n<p>L&#8217;utente ha il diritto di richiedere l&#8217;accesso, la correzione o la cancellazione dei propri dati. Per i nostri dettagli, consultare la pagina dei contatti. Per evitare abusi, potremmo chiedervi di identificarvi adeguatamente.<\/p>\n<p><strong>Fornitura a terzi<\/strong><\/p>\n<p>Non trasmettiamo i dati personali dei nostri clienti ad altri soggetti con lo scopo di ottenere un guadagno economico. Non lavoriamo con cookie utilizzati a scopo pubblicitario e non guadagniamo con essi. Ci concentriamo solo sulla fornitura di servizi ai nostri clienti.<\/p>\n<p>Forniamo i vostri dati a terzi solo se ci\u00f2 \u00e8 necessario per l&#8217;esecuzione del nostro accordo con voi o per adempiere a un obbligo legale.<\/p>\n<p><strong>Eccezioni<\/strong><\/p>\n<p>Casafaro si riserva espressamente il diritto di archiviare tutti i dati possibili di persone e\/o organizzazioni che offrono i loro servizi ai nostri clienti in modo non richiesto, inviano pubblicit\u00e0 non richiesta o vogliono comunque utilizzare il nostro sito web per questioni per le quali il sito web Casafaro non \u00e8 destinato. Alle persone che abusano del sito web in questo modo pu\u00f2 essere negato l&#8217;accesso al sito web o pu\u00f2 essere fatto un uso limitato del sito web. I dati raccolti come informazioni sulle persone e\/o organizzazioni saranno utilizzati solo all&#8217;interno dell&#8217;organizzazione Casafaro e non saranno forniti a terzi.<\/p>\n<p><strong>Domande?<\/strong><\/p>\n<p>Vogliamo che il nostro sito web e i nostri servizi siano completamente trasparenti per tutti gli utenti. La privacy dei nostri clienti e dei visitatori dei nostri siti web non \u00e8 mai a rischio. Ma se avete ancora domande in merito, potete sempre inviarci un messaggio tramite la nostra pagina di contatto.<\/p>\n<p>Modifiche all&#8217;informativa sulla privacy?<\/p>\n<p>Casafaro si riserva il diritto di apportare modifiche alla presente informativa sulla privacy<\/p>\n<p><em>La presente informativa sulla privacy \u00e8 stata modificata l&#8217;ultima volta il 07-01-2024.<\/em><\/p>\n\t\t\t\t\t\t\t\t<\/div>\n\t\t\t\t<\/div>\n\t\t\t\t\t<\/div>\n\t\t\t\t<\/div>\n\t\t\t\t<\/div>\n\t\t","protected":false},"excerpt":{"rendered":"<p>Verifica della privacy I dati personali sono trattati attraverso il nostro sito web. Consideriamo di grande importanza un&#8217;attenta gestione dei dati personali. I dati personali vengono pertanto trattati con cura e protetti da noi. Casafaro rispetta le disposizioni del GDPR (General Data Protection Regulation), il che significa, tra l&#8217;altro, che: Indichiamo chiaramente le finalit\u00e0 per [&hellip;]<\/p>\n","protected":false},"author":2,"featured_media":0,"parent":0,"menu_order":0,"comment_status":"closed","ping_status":"closed","template":"","meta":{"site-sidebar-layout":"no-sidebar","site-content-layout":"page-builder","ast-site-content-layout":"full-width-container","site-content-style":"unboxed","site-sidebar-style":"unboxed","ast-global-header-display":"","ast-banner-title-visibility":"","ast-main-header-display":"","ast-hfb-above-header-display":"","ast-hfb-below-header-display":"","ast-hfb-mobile-header-display":"","site-post-title":"disabled","ast-breadcrumbs-content":"","ast-featured-img":"disabled","footer-sml-layout":"","ast-disable-related-posts":"","theme-transparent-header-meta":"","adv-header-id-meta":"","stick-header-meta":"","header-above-stick-meta":"","header-main-stick-meta":"","header-below-stick-meta":"","astra-migrate-meta-layouts":"default","ast-page-background-enabled":"default","ast-page-background-meta":{"desktop":{"background-color":"","background-image":"","background-repeat":"repeat","background-position":"center center","background-size":"auto","background-attachment":"scroll","background-type":"","background-media":"","overlay-type":"","overlay-color":"","overlay-opacity":"","overlay-gradient":""},"tablet":{"background-color":"","background-image":"","background-repeat":"repeat","background-position":"center center","background-size":"auto","background-attachment":"scroll","background-type":"","background-media":"","overlay-type":"","overlay-color":"","overlay-opacity":"","overlay-gradient":""},"mobile":{"background-color":"","background-image":"","background-repeat":"repeat","background-position":"center center","background-size":"auto","background-attachment":"scroll","background-type":"","background-media":"","overlay-type":"","overlay-color":"","overlay-opacity":"","overlay-gradient":""}},"ast-content-background-meta":{"desktop":{"background-color":"var(--ast-global-color-5)","background-image":"","background-repeat":"repeat","background-position":"center center","background-size":"auto","background-attachment":"scroll","background-type":"","background-media":"","overlay-type":"","overlay-color":"","overlay-opacity":"","overlay-gradient":""},"tablet":{"background-color":"var(--ast-global-color-5)","background-image":"","background-repeat":"repeat","background-position":"center center","background-size":"auto","background-attachment":"scroll","background-type":"","background-media":"","overlay-type":"","overlay-color":"","overlay-opacity":"","overlay-gradient":""},"mobile":{"background-color":"var(--ast-global-color-5)","background-image":"","background-repeat":"repeat","background-position":"center center","background-size":"auto","background-attachment":"scroll","background-type":"","background-media":"","overlay-type":"","overlay-color":"","overlay-opacity":"","overlay-gradient":""}},"footnotes":""},"class_list":["post-2703","page","type-page","status-publish","hentry"],"_links":{"self":[{"href":"https:\/\/casafaro.it\/it\/wp-json\/wp\/v2\/pages\/2703","targetHints":{"allow":["GET"]}}],"collection":[{"href":"https:\/\/casafaro.it\/it\/wp-json\/wp\/v2\/pages"}],"about":[{"href":"https:\/\/casafaro.it\/it\/wp-json\/wp\/v2\/types\/page"}],"author":[{"embeddable":true,"href":"https:\/\/casafaro.it\/it\/wp-json\/wp\/v2\/users\/2"}],"replies":[{"embeddable":true,"href":"https:\/\/casafaro.it\/it\/wp-json\/wp\/v2\/comments?post=2703"}],"version-history":[{"count":11,"href":"https:\/\/casafaro.it\/it\/wp-json\/wp\/v2\/pages\/2703\/revisions"}],"predecessor-version":[{"id":4922,"href":"https:\/\/casafaro.it\/it\/wp-json\/wp\/v2\/pages\/2703\/revisions\/4922"}],"wp:attachment":[{"href":"https:\/\/casafaro.it\/it\/wp-json\/wp\/v2\/media?parent=2703"}],"curies":[{"name":"wp","href":"https:\/\/api.w.org\/{rel}","templated":true}]}}